{"id":4004,"date":"2023-04-22T13:46:02","date_gmt":"2023-04-22T13:46:02","guid":{"rendered":"https:\/\/cheaptravelall.com\/disclaimer-descargo-de-responsabilidad\/"},"modified":"2024-01-22T19:08:43","modified_gmt":"2024-01-22T19:08:43","slug":"disclaimer-descargo-de-responsabilidad","status":"publish","type":"page","link":"https:\/\/cheaptravelall.com\/es\/disclaimer-descargo-de-responsabilidad\/","title":{"rendered":"Disclaimer (Descargo de responsabilidad)"},"content":{"rendered":"\t\t<div data-elementor-type=\"wp-page\" data-elementor-id=\"4004\" class=\"elementor elementor-4004 elementor-1688\">\n\t\t\t\t<div class=\"elementor-element elementor-element-23b5335 e-flex e-con-boxed wpr-particle-no wpr-jarallax-no wpr-parallax-no wpr-sticky-section-no e-con e-parent\" data-id=\"23b5335\" data-element_type=\"container\" data-e-type=\"container\" data-settings=\"{&quot;_ha_eqh_enable&quot;:false}\">\n\t\t\t\t\t<div class=\"e-con-inner\">\n\t\t\t\t<div class=\"elementor-element elementor-element-84aab7a elementor-widget elementor-widget-text-editor\" data-id=\"84aab7a\" data-element_type=\"widget\" data-e-type=\"widget\" data-widget_type=\"text-editor.default\">\n\t\t\t\t<div class=\"elementor-widget-container\">\n\t\t\t\t\t\t\t\t\t<p style=\"font-variant-ligatures: normal; font-variant-caps: normal; font-family: Arial, sans-serif; font-size: 12px; font-style: normal; font-weight: 400; text-align: justify;\"><span style=\"font-size: 16px; font-weight: 600;\">\u00daltima actualizaci\u00f3n: 05 de enero de 2024<\/span><\/p>\n<p style=\"font-variant-ligatures: normal; font-variant-caps: normal; font-family: 'Open Sans', sans-serif; font-size: 16px; font-style: normal; font-weight: 400; text-align: justify;\"><span style=\"font-size: 16px; font-weight: 600;\">BLOG<\/span><\/p>\n<p style=\"font-variant-ligatures: normal; font-variant-caps: normal; font-family: 'Open Sans', sans-serif; font-size: 16px; font-style: normal; font-weight: 400; text-align: justify;\">El blog Cheap Travel All y sus contenidos han sido elaborados con el mayor cuidado posible.  <\/p>\n<p style=\"font-variant-ligatures: normal; font-variant-caps: normal; font-family: 'Open Sans', sans-serif; font-size: 16px; font-style: normal; font-weight: 400; text-align: justify;\">Cheap Travel All no asume ninguna responsabilidad ni garant\u00eda por la actualidad, exactitud e integridad de la informaci\u00f3n proporcionada en nuestro blog.  <\/p>\n<p style=\"font-variant-ligatures: normal; font-variant-caps: normal; font-family: 'Open Sans', sans-serif; font-size: 16px; font-style: normal; font-weight: 400; text-align: justify;\">Cheap Travel All se reserva el derecho a modificar, completar o eliminar partes de las p\u00e1ginas o todo el blog sin previo aviso, as\u00ed como a interrumpir la publicaci\u00f3n de forma temporal o permanente. Todos los datos se publican a conciencia pero sin garant\u00eda. Los errores en el contenido se corregir\u00e1n inmediatamente en cuanto se nos comuniquen.  <\/p>\n<p style=\"font-variant-ligatures: normal; font-variant-caps: normal; font-family: 'Open Sans', sans-serif; font-size: 16px; font-style: normal; font-weight: 400; text-align: justify;\">Todos los derechos, incluidos los de reimpresi\u00f3n de extractos, reproducci\u00f3n fotomec\u00e1nica y traducci\u00f3n, est\u00e1n reservados y requieren el consentimiento por escrito de Cheap Travel All. El uso no autorizado, incluso de extractos, ser\u00e1 perseguido. Las reclamaciones de responsabilidad contra Cheap Travel All, que se refieran a da\u00f1os materiales o inmateriales, que hayan sido causados por el uso o no uso de la informaci\u00f3n proporcionada o por el uso de informaci\u00f3n incorrecta e incompleta, quedan fundamentalmente excluidas, siempre que no exista culpa demostrable dolosa o gravemente negligente por parte de Cheap Travel All.<\/p>\n<p style=\"font-variant-ligatures: normal; font-variant-caps: normal; font-family: 'Open Sans', sans-serif; font-size: 16px; font-style: normal; font-weight: 400; text-align: justify;\"><span style=\"font-size: 16px; font-weight: 600;\">DECLARACI\u00d3N DE AFILIACI\u00d3N<\/span><\/p>\n<p style=\"font-variant-ligatures: normal; font-variant-caps: normal; font-family: 'Open Sans', sans-serif; font-size: 16px; font-style: normal; font-weight: 400; text-align: justify;\">Cheap Travel All es un participante en Programas de Afiliados, un programa de publicidad de afiliados dise\u00f1ado para proporcionar un medio para que los sitios de ganar honorarios de publicidad por la publicidad y la vinculaci\u00f3n. La informaci\u00f3n facilitada en este sitio web es exacta y veraz a nuestro leal saber y entender, pero es posible que haya omisiones, errores o equivocaciones. La utilizaci\u00f3n de la informaci\u00f3n facilitada es por cuenta y riesgo del usuario. Nos reservamos el derecho a modificar en cualquier momento la gesti\u00f3n o el funcionamiento de este sitio web. Nos reservamos el derecho a modificar el contenido o el enfoque del sitio web en cualquier momento.<\/p>\n<p style=\"font-variant-ligatures: normal; font-variant-caps: normal; font-family: 'Open Sans', sans-serif; font-size: 16px; font-style: normal; font-weight: 400; text-align: justify;\">Nuestro sitio web puede contener enlaces de marketing de afiliaci\u00f3n, lo que significa que podemos recibir comisiones por las ventas de aquellos productos o servicios sobre los que escribimos. Nunca se le cobrar\u00e1 una comisi\u00f3n a trav\u00e9s de uno de nuestros enlaces de afiliado. Puede obtener una tarifa reducida de los servicios de afiliaci\u00f3n correspondientes y nosotros obtendremos una peque\u00f1a comisi\u00f3n. Nuestro contenido editorial no est\u00e1 influenciado por anunciantes o asociaciones de afiliados.<\/p>\n<p style=\"font-variant-ligatures: normal; font-variant-caps: normal; font-family: 'Open Sans', sans-serif; font-size: 16px; font-style: normal; font-weight: 400; text-align: justify;\"><span style=\"font-size: 16px; font-weight: 600;\">P\u00c1GINA WEB<\/span><\/p>\n<p style=\"font-variant-ligatures: normal; font-variant-caps: normal; font-family: 'Open Sans', sans-serif; font-size: 16px; font-style: normal; font-weight: 400; text-align: justify;\">Los contenidos de este sitio web se han creado con el mayor cuidado posible.  <\/p>\n<p style=\"font-variant-ligatures: normal; font-variant-caps: normal; font-family: 'Open Sans', sans-serif; font-size: 16px; font-style: normal; font-weight: 400; text-align: justify;\">Cheap Travel All no se hace responsable de la actualidad, exactitud, integridad o calidad de la informaci\u00f3n proporcionada.  <\/p>\n<p style=\"font-variant-ligatures: normal; font-variant-caps: normal; font-family: 'Open Sans', sans-serif; font-size: 16px; font-style: normal; font-weight: 400; text-align: justify;\">Las reclamaciones de responsabilidad contra Cheap Travel All, que se refieran a da\u00f1os materiales o inmateriales, que hayan sido causados por el uso o no uso de la informaci\u00f3n proporcionada o por el uso de informaci\u00f3n incorrecta e incompleta, quedan fundamentalmente excluidas, siempre que no exista culpa demostrable dolosa o gravemente negligente por parte de Cheap Travel All.  <\/p>\n<p style=\"font-variant-ligatures: normal; font-variant-caps: normal; font-family: 'Open Sans', sans-serif; font-size: 16px; font-style: normal; font-weight: 400; text-align: justify;\">Cheap Travel All se reserva expresamente el derecho a modificar, completar o eliminar partes de las p\u00e1ginas o la oferta completa sin previo aviso, as\u00ed como a interrumpir la publicaci\u00f3n de forma temporal o definitiva.<\/p>\n<p style=\"font-variant-ligatures: normal; font-variant-caps: normal; font-family: 'Open Sans', sans-serif; font-size: 16px; font-style: normal; font-weight: 400; text-align: justify;\"><span style=\"font-size: 16px; font-weight: 600;\">REFERENCIAS Y ENLACES<\/span><\/p>\n<p style=\"font-variant-ligatures: normal; font-variant-caps: normal; font-family: 'Open Sans', sans-serif; font-size: 16px; font-style: normal; font-weight: 400; text-align: justify;\">En el caso de referencias directas o indirectas a p\u00e1ginas de Internet externas (&#8220;enlaces&#8221;), que se encuentren fuera del \u00e1mbito de responsabilidad de Cheap Travel All, s\u00f3lo entrar\u00eda en vigor una obligaci\u00f3n de responsabilidad en el caso de que Cheap Travel All tuviera conocimiento de los contenidos, y le fuera t\u00e9cnicamente posible y razonable impedir el uso en caso de contenidos ilegales.  <\/p>\n<p style=\"font-variant-ligatures: normal; font-variant-caps: normal; font-family: 'Open Sans', sans-serif; font-size: 16px; font-style: normal; font-weight: 400; text-align: justify;\">Cheap Travel All declara expresamente que en el momento de la creaci\u00f3n de los enlaces no se apreciaban contenidos ilegales en las p\u00e1ginas enlazadas.  <\/p>\n<p style=\"font-variant-ligatures: normal; font-variant-caps: normal; font-family: 'Open Sans', sans-serif; font-size: 16px; font-style: normal; font-weight: 400; text-align: justify;\">Cheap Travel All no tiene ninguna influencia sobre el dise\u00f1o actual y futuro, el contenido o la autor\u00eda de las p\u00e1ginas enlazadas. Por lo tanto, por la presente se distancia expresamente de todos los contenidos de todas las p\u00e1ginas enlazadas que se hayan modificado despu\u00e9s de establecer el enlace.  <\/p>\n<p style=\"font-variant-ligatures: normal; font-variant-caps: normal; font-family: 'Open Sans', sans-serif; font-size: 16px; font-style: normal; font-weight: 400; text-align: justify;\">Esta declaraci\u00f3n se aplica a todos los enlaces y referencias establecidos en el blog y el sitio web de Cheap Travel All. De los contenidos ilegales, incorrectos o incompletos y, en particular, de los da\u00f1os derivados de la utilizaci\u00f3n o no utilizaci\u00f3n de dicha informaci\u00f3n, ser\u00e1 responsable \u00fanicamente el proveedor de la p\u00e1gina a la que se haga referencia, y no la persona que se limite a remitir a la publicaci\u00f3n correspondiente a trav\u00e9s de enlaces.<\/p>\n<p style=\"font-variant-ligatures: normal; font-variant-caps: normal; font-family: 'Open Sans', sans-serif; font-size: 16px; font-style: normal; font-weight: 400; text-align: justify;\"><span style=\"font-size: 16px; font-weight: 600;\">VALIDEZ DEL PRESENTE AVISO LEGAL<\/span><\/p>\n<p style=\"font-variant-ligatures: normal; font-variant-caps: normal; font-family: 'Open Sans', sans-serif; font-size: 16px; font-style: normal; font-weight: 400; text-align: justify;\">Esta cl\u00e1usula de exenci\u00f3n de responsabilidad debe considerarse parte de la publicaci\u00f3n en Internet desde la que se le ha remitido. Si algunas secciones o t\u00e9rminos individuales de esta declaraci\u00f3n no son legales o correctos, el contenido o validez de las otras partes no se ver\u00e1n afectados por este hecho. Tenga en cuenta que el texto de referencia de este descargo de responsabilidad es el texto en ingl\u00e9s.<\/p>\t\t\t\t\t\t\t\t<\/div>\n\t\t\t\t<\/div>\n\t\t\t\t\t<\/div>\n\t\t\t\t<\/div>\n\t\t\t\t<\/div>\n\t\t","protected":false},"excerpt":{"rendered":"<p>\u00daltima actualizaci\u00f3n: 05 de enero de 2024 BLOG El blog Cheap Travel All y sus contenidos han sido elaborados con el mayor cuidado posible. Cheap Travel All no asume ninguna responsabilidad ni garant\u00eda por la actualidad, exactitud e integridad de la informaci\u00f3n proporcionada en nuestro blog. Cheap Travel All se reserva el derecho a modificar, [&hellip;]<\/p>\n","protected":false},"author":1,"featured_media":0,"parent":0,"menu_order":0,"comment_status":"closed","ping_status":"closed","template":"","meta":{"om_disable_all_campaigns":false,"_uf_show_specific_survey":0,"_uf_disable_surveys":false,"ocean_post_layout":"","ocean_both_sidebars_style":"","ocean_both_sidebars_content_width":0,"ocean_both_sidebars_sidebars_width":0,"ocean_sidebar":"0","ocean_second_sidebar":"0","ocean_disable_margins":"enable","ocean_add_body_class":"","ocean_shortcode_before_top_bar":"","ocean_shortcode_after_top_bar":"","ocean_shortcode_before_header":"","ocean_shortcode_after_header":"","ocean_has_shortcode":"","ocean_shortcode_after_title":"","ocean_shortcode_before_footer_widgets":"","ocean_shortcode_after_footer_widgets":"","ocean_shortcode_before_footer_bottom":"","ocean_shortcode_after_footer_bottom":"","ocean_display_top_bar":"default","ocean_display_header":"default","ocean_header_style":"","ocean_center_header_left_menu":"0","ocean_custom_header_template":"0","ocean_custom_logo":0,"ocean_custom_retina_logo":0,"ocean_custom_logo_max_width":0,"ocean_custom_logo_tablet_max_width":0,"ocean_custom_logo_mobile_max_width":0,"ocean_custom_logo_max_height":0,"ocean_custom_logo_tablet_max_height":0,"ocean_custom_logo_mobile_max_height":0,"ocean_header_custom_menu":"0","ocean_menu_typo_font_family":"0","ocean_menu_typo_font_subset":"","ocean_menu_typo_font_size":0,"ocean_menu_typo_font_size_tablet":0,"ocean_menu_typo_font_size_mobile":0,"ocean_menu_typo_font_size_unit":"px","ocean_menu_typo_font_weight":"","ocean_menu_typo_font_weight_tablet":"","ocean_menu_typo_font_weight_mobile":"","ocean_menu_typo_transform":"","ocean_menu_typo_transform_tablet":"","ocean_menu_typo_transform_mobile":"","ocean_menu_typo_line_height":0,"ocean_menu_typo_line_height_tablet":0,"ocean_menu_typo_line_height_mobile":0,"ocean_menu_typo_line_height_unit":"","ocean_menu_typo_spacing":0,"ocean_menu_typo_spacing_tablet":0,"ocean_menu_typo_spacing_mobile":0,"ocean_menu_typo_spacing_unit":"","ocean_menu_link_color":"","ocean_menu_link_color_hover":"","ocean_menu_link_color_active":"","ocean_menu_link_background":"","ocean_menu_link_hover_background":"","ocean_menu_link_active_background":"","ocean_menu_social_links_bg":"","ocean_menu_social_hover_links_bg":"","ocean_menu_social_links_color":"","ocean_menu_social_hover_links_color":"","ocean_disable_title":"default","ocean_disable_heading":"default","ocean_post_title":"","ocean_post_subheading":"","ocean_post_title_style":"","ocean_post_title_background_color":"","ocean_post_title_background":0,"ocean_post_title_bg_image_position":"","ocean_post_title_bg_image_attachment":"","ocean_post_title_bg_image_repeat":"","ocean_post_title_bg_image_size":"","ocean_post_title_height":0,"ocean_post_title_bg_overlay":0.5,"ocean_post_title_bg_overlay_color":"","ocean_disable_breadcrumbs":"default","ocean_breadcrumbs_color":"","ocean_breadcrumbs_separator_color":"","ocean_breadcrumbs_links_color":"","ocean_breadcrumbs_links_hover_color":"","ocean_display_footer_widgets":"default","ocean_display_footer_bottom":"default","ocean_custom_footer_template":"0","footnotes":""},"class_list":["post-4004","page","type-page","status-publish","hentry","entry","owp-thumbs-layout-horizontal","owp-btn-normal","owp-tabs-layout-horizontal","has-no-thumbnails","has-product-nav"],"aioseo_notices":[],"rttpg_featured_image_url":null,"rttpg_author":{"display_name":"CheapTravelAll Team","author_link":"https:\/\/cheaptravelall.com\/es\/author\/admin\/"},"rttpg_comment":0,"rttpg_category":false,"rttpg_excerpt":"\u00daltima actualizaci\u00f3n: 05 de enero de 2024 BLOG El blog Cheap Travel All y sus contenidos han sido elaborados con el mayor cuidado posible. Cheap Travel All no asume ninguna responsabilidad ni garant\u00eda por la actualidad, exactitud e integridad de la informaci\u00f3n proporcionada en nuestro blog. Cheap Travel All se reserva el derecho a modificar,&hellip;","_links":{"self":[{"href":"https:\/\/cheaptravelall.com\/es\/wp-json\/wp\/v2\/pages\/4004","targetHints":{"allow":["GET"]}}],"collection":[{"href":"https:\/\/cheaptravelall.com\/es\/wp-json\/wp\/v2\/pages"}],"about":[{"href":"https:\/\/cheaptravelall.com\/es\/wp-json\/wp\/v2\/types\/page"}],"author":[{"embeddable":true,"href":"https:\/\/cheaptravelall.com\/es\/wp-json\/wp\/v2\/users\/1"}],"replies":[{"embeddable":true,"href":"https:\/\/cheaptravelall.com\/es\/wp-json\/wp\/v2\/comments?post=4004"}],"version-history":[{"count":0,"href":"https:\/\/cheaptravelall.com\/es\/wp-json\/wp\/v2\/pages\/4004\/revisions"}],"wp:attachment":[{"href":"https:\/\/cheaptravelall.com\/es\/wp-json\/wp\/v2\/media?parent=4004"}],"curies":[{"name":"wp","href":"https:\/\/api.w.org\/{rel}","templated":true}]}}