{"id":3890,"date":"2023-04-22T13:19:05","date_gmt":"2023-04-22T13:19:05","guid":{"rendered":"https:\/\/cheaptravelall.com\/informativa-sui-cookie\/"},"modified":"2024-01-22T21:56:14","modified_gmt":"2024-01-22T21:56:14","slug":"informativa-sui-cookie","status":"publish","type":"page","link":"https:\/\/cheaptravelall.com\/it\/informativa-sui-cookie\/","title":{"rendered":"Informativa sui cookie"},"content":{"rendered":"\t\t<div data-elementor-type=\"wp-page\" data-elementor-id=\"3890\" class=\"elementor elementor-3890 elementor-1686\">\n\t\t\t\t<div class=\"elementor-element elementor-element-5e7a0dd e-flex e-con-boxed wpr-particle-no wpr-jarallax-no wpr-parallax-no wpr-sticky-section-no e-con e-parent\" data-id=\"5e7a0dd\" data-element_type=\"container\" data-e-type=\"container\" data-settings=\"{&quot;_ha_eqh_enable&quot;:false}\">\n\t\t\t\t\t<div class=\"e-con-inner\">\n\t\t\t\t<div class=\"elementor-element elementor-element-8346327 elementor-widget elementor-widget-text-editor\" data-id=\"8346327\" data-element_type=\"widget\" data-e-type=\"widget\" data-widget_type=\"text-editor.default\">\n\t\t\t\t<div class=\"elementor-widget-container\">\n\t\t\t\t\t\t\t\t\t<h2 class=\"elementor-heading-title elementor-size-default elementor-inline-editing pen\" contenteditable=\"true\" data-elementor-setting-key=\"title\" data-pen-placeholder=\"Digita qui...\">Informativa sui cookie<\/h2><p>\u00a0<\/p><p>\u00a0<\/p><p><span lang=\"EN\">Siamo lieti che stiate visitando il nostro sito web www.cheaptravelall.com. La protezione e la sicurezza dei dati durante l&#8217;utilizzo del nostro sito web sono molto importanti per noi. Nella presente Informativa sui cookie ci atteniamo agli obblighi previsti dalla Legge sulla concorrenza sleale (nella versione modificata) (&#8220;UCA&#8221;), dalla Legge sulle telecomunicazioni (nella versione modificata) (&#8220;TA&#8221;) e dalla Direttiva UE sulla privacy e le comunicazioni elettroniche (&#8220;PECD&#8221;) e vi informiamo sugli scopi per i quali noi e i nostri partner utilizziamo i cookie e tecnologie simili e su come potete gestire le vostre preferenze in merito ai cookie.<\/span><\/p><p><span lang=\"EN\">Se avete domande sui cookie che utilizziamo o sulle nostre pratiche di protezione dei dati in generale, i nostri dati di contatto sono Cheap Travel All, Acacia One GmbH, Ebmatingerstrasse 14, 8126 Zumikon, Svizzera, oppure inviateci un&#8217;e-mail all&#8217;indirizzo info@cheaptravelall.com.<\/span><\/p><p><b><span lang=\"EN\">Cosa sono i cookies?<\/span><\/b><\/p><p><span lang=\"EN\">I cookie sono piccoli file di testo che vengono inviati al vostro computer per garantire la funzionalit\u00e0 tecnica del sito web. Utilizziamo i cookie in alcune aree del nostro sito web per facilitare l&#8217;utilizzo delle pagine e per renderle pi\u00f9 personalizzate.<\/span><\/p><p><span lang=\"EN\">Quando si cerca di capire i cookie, pu\u00f2 essere utile conoscere la seguente terminologia:<\/span><\/p><p><span lang=\"EN\">\u25cf\u00a0\u00a0\u00a0\u00a0\u00a0 <\/span><i> <span lang=\"EN\">Cookie essenziali o necessari<\/span> <\/i><span lang=\"EN\">. Questi cookie sono essenziali o necessari per garantire il corretto funzionamento e la sicurezza di un sito web, in modo che l&#8217;utente possa navigarlo e utilizzarne le funzionalit\u00e0. Senza questi cookie, alcune caratteristiche di un sito web non potrebbero funzionare e quindi l&#8217;utente non sarebbe in grado di utilizzare determinati servizi.<\/span><\/p><p><span lang=\"EN\">\u25cf\u00a0\u00a0\u00a0\u00a0\u00a0 <\/span><i> <span lang=\"EN\">Cookie opzionali. <\/span> <\/i> <span lang=\"EN\">Questi cookie non sono essenziali per il funzionamento del sito e richiedono il vostro consenso. Per quanto riguarda i cookie opzionali, si fa la seguente distinzione:<\/span><\/p><p><span lang=\"EN\">\u25cb\u00a0\u00a0\u00a0\u00a0\u00a0 <\/span><i> <span lang=\"EN\">Cookie funzionali<\/span> <\/i><span lang=\"EN\"> o talvolta chiamati biscotti di convenienza. Questi cookie consentono a un sito web di ricordare le opzioni effettuate dall&#8217;utente (compresi gli ID utente memorizzati, i consensi dati o le lingue selezionate) e altre opzioni di personalizzazione selezionate durante la navigazione.<\/span><\/p><p><span lang=\"EN\">\u00a0<\/span><span lang=\"EN\" style=\"font-size: 16px; text-align: var(--text-align);\">\u25cb\u00a0\u00a0\u00a0\u00a0\u00a0 <\/span><i style=\"font-size: 16px; text-align: var(--text-align);\"> <span lang=\"EN\">Cookie di analisi e performance, <\/span> <\/i> <span lang=\"EN\" style=\"font-size: 16px; text-align: var(--text-align);\">che vengono utilizzati per monitorare e migliorare il funzionamento e il servizio di un sito web. Questi possono individuare i problemi nell&#8217;utilizzo di un sito web, facilitare i sondaggi online, registrare il numero di visitatori e fornire metriche di analisi.<\/span><\/p><p><span lang=\"EN\">\u00a0<\/span><span lang=\"EN\" style=\"font-size: 16px; text-align: var(--text-align);\">\u25cb\u00a0\u00a0\u00a0\u00a0\u00a0 <\/span><i style=\"font-size: 16px; text-align: var(--text-align);\"> <span lang=\"EN\">Cookie pubblicitari o di targeting. <\/span> <\/i> <span lang=\"EN\" style=\"font-size: 16px; text-align: var(--text-align);\">Vengono utilizzati per fornire all&#8217;utente pubblicit\u00e0 personalizzata. Questo pu\u00f2 essere molto comodo, ma anche molto irritante.<\/span><\/p><p><span lang=\"EN\">Le leggi sopra citate ci impongono,<\/span><\/p><p><span lang=\"EN\">\u25cf\u00a0\u00a0\u00a0\u00a0\u00a0 <\/span><span lang=\"EN\">chiedere il consenso dell&#8217;utente per l&#8217;utilizzo di cookie specifici (in particolare qualsiasi cookie che non sia strettamente necessario per il funzionamento del sito web, ad esempio i cookie funzionali, i cookie di analisi e performance e i cookie pubblicitari o di targeting &#8220;cookie opzionali&#8221;); e<\/span><\/p><p><span lang=\"EN\">\u25cf\u00a0\u00a0\u00a0\u00a0\u00a0 <\/span><span lang=\"EN\">per avere una base giuridica per l&#8217;uso dei dati personali in relazione ai cookie, l&#8217;uso dei cookie sarebbe quindi il vostro consenso e il nostro legittimo interesse.<\/span><\/p><p><b><span lang=\"EN\">Quali cookie utilizziamo?<\/span><\/b><\/p><p><span lang=\"EN\">Utilizziamo i cookie facoltativi solo previo consenso dell&#8217;utente. Se visitate il nostro sito web per la prima volta, apparir\u00e0 un banner che vi chieder\u00e0 il consenso all&#8217;uso dei cookie facoltativi. Se acconsentite, memorizzeremo un cookie sul vostro computer e il banner non verr\u00e0 pi\u00f9 visualizzato per tutta la durata del cookie. In seguito, o se l&#8217;utente cancella attivamente questo cookie prima, il banner verr\u00e0 visualizzato nuovamente alla successiva visita del nostro sito web per ottenere nuovamente il consenso.<\/span><\/p><p><b><span lang=\"EN\">Cookie e tag pixel<\/span><\/b><\/p><p><span lang=\"EN\">Utilizziamo i cosiddetti Pixel Cookies e Tags (&#8220;Pixel Cookies&#8221;). Un Pixel Cookie \u00e8 uno strumento pubblicitario e consiste tipicamente in un frammento di codice JavaScript che ci permette di capire e tracciare l&#8217;attivit\u00e0 dei visitatori sul nostro sito web. A tal fine, i Pixel Cookie raccolgono ed elaborano informazioni sui visitatori del nostro sito web e sul dispositivo utilizzato (i cosiddetti dati evento).<\/span><\/p><p><span style=\"font-size: 16px; text-align: var(--text-align);\">I dati degli eventi raccolti attraverso i Pixel Cookie vengono utilizzati per indirizzare le nostre pubblicit\u00e0 e migliorare la distribuzione degli annunci e la pubblicit\u00e0 personalizzata. A tal fine, i dati degli eventi raccolti sul nostro sito web tramite i Pixel Cookie vengono trasmessi al relativo gestore del Pixel Cookie e, in parte, memorizzati anche sul vostro dispositivo. Tuttavia, ci\u00f2 avviene solo con il consenso dell&#8217;utente e noi e il relativo gestore del Pixel Cookie siamo considerati contitolari del trattamento. Tuttavia, per il successivo trattamento dei Dati evento trasmessi, il gestore del Pixel Cookie \u00e8 l&#8217;unico responsabile del trattamento.<\/span><\/p><p><span lang=\"EN\">Per ulteriori informazioni sulle modalit\u00e0 di trattamento dei dati personali da parte dell&#8217;operatore del Pixel Cookie, compresa la base giuridica su cui si basa e le modalit\u00e0 di esercizio dei diritti dell&#8217;utente, si prega di consultare le seguenti Informative sulla privacy: <a href=\"https:\/\/www.facebook.com\/privacy\/policy\/version\/20220104\/?paipv=0&amp;eav=AfbVpwBpEPEySvmi2m1knhTvvmIfHixxJ9_8RJ5IRM1FpsIIfZAbytq1jw1bJkHjj64&amp;wtsid=rdr_0w6luTHGqD3dOgV5k&amp;_rdr\"> Facebook <\/a> e <a href=\"https:\/\/help.instagram.com\/155833707900388\"> Instagram <\/a> ((Meta Platforms 1601 Willow Road Menlo Park, CA 94025 e 4 Grand Canal Square Grand Canal Harbour Dublin 2 Ireland), <a href=\"https:\/\/twitter.com\/en\/privacy\">X<\/a> (ex Twitter) (X Corp, Market Square, 1355 Market St suite 900, San Francisco, CA 94103, USA) e <a href=\"https:\/\/www.youtube.com\/intl\/ALL_uk\/howyoutubeworks\/our-commitments\/protecting-user-data\/#:~:text=We%20do%20not%20sell%20your,information%20is%20not%20for%20sale.\"> YouTube <\/a> (<a href=\"https:\/\/policies.google.com\/privacy?hl=en-US\"> Google <\/a>) (1600 Amphitheatre Parkway Mountain View, CA 94043, USA, e Google Ireland Limited Gordon House, Barrow Street, Dublino 4, Irlanda).<\/span><\/p><p><b><span lang=\"EN\">Come controllare i cookie?<\/span><\/b><\/p><p><span lang=\"EN\">\u00c8 possibile impostare il proprio browser web in modo da disabilitare i cookie. Si noti che la maggior parte dei browser offre diverse modalit\u00e0 di protezione della privacy. Se non attivate o disattivate determinati cookie tramite le impostazioni del browser, \u00e8 possibile che alcune funzionalit\u00e0 non siano disponibili come previsto.<\/span><\/p><p><span lang=\"EN\">\u00c8 possibile configurare l&#8217;uso dei cookie nelle impostazioni del browser seguendo il relativo link <a href=\"https:\/\/support.google.com\/chrome\/answer\/95647?hl=en-GB&amp;co=GENIE.Platform%3DDesktop\"> Google Chrome <\/a><u> , <\/u> <a href=\"https:\/\/support.mozilla.org\/en-US\/kb\/clear-cookies-and-site-data-firefox\"> Mozilla Firefox <\/a><u> , <\/u> <a href=\"https:\/\/support.microsoft.com\/en-us\/windows\/delete-and-manage-cookies-168dab11-0753-043d-7c16-ede5947fc64d\"> Microsoft Edge <\/a><u> , <\/u><a href=\"https:\/\/www.opera.com\/use-cases\/clean-browser-and-remove-trackers\"> Opera <\/a><u> , <\/u> <a href=\"https:\/\/support.apple.com\/en-gb\/HT201265\"> Safari <\/a> in qualsiasi momento o disattivarli completamente.<\/span><\/p><p><span lang=\"EN\">Si noti che se si disabilitano i cookie in questo modo, non sar\u00e0 possibile impostarne di nuovi. Tuttavia, non impedir\u00e0 che i cookie precedentemente impostati continuino a funzionare sul vostro dispositivo fino a quando non cancellerete tutti i cookie nelle impostazioni del browser.<\/span><\/p><p><b><i><span lang=\"EN\">Opting out<\/span><\/i><\/b><i><\/i><\/p><p><i><span lang=\"EN\">Facebook<\/span><\/i><\/p><p><span lang=\"EN\">Se non desiderate partecipare alla pubblicit\u00e0 basata sull&#8217;utilizzo di Facebook, potete opporvi qui: <a href=\"https:\/\/www.facebook.com\/settings?tab=ads\"> https:\/\/www.facebook.com\/settings?tab=ads <\/a><\/span><\/p><p><span lang=\"EN\">\u00a0<\/span><i style=\"font-size: 16px; text-align: var(--text-align);\"><span lang=\"EN\">Instagram<\/span><\/i><\/p><p><span lang=\"EN\">Se non si desidera partecipare alla pubblicit\u00e0 basata sull&#8217;uso attraverso Instagram, \u00e8 possibile modificare le impostazioni degli annunci seguendo queste istruzioni:<i> <\/i><a href=\"https:\/\/help.instagram.com\/911879456838933\"> https:\/\/help.instagram.com\/911879456838933 <\/a><\/span><\/p><p><span lang=\"EN\">\u00a0<\/span><i style=\"font-size: 16px; text-align: var(--text-align);\"><span lang=\"EN\">X<\/span><\/i><\/p><p><span lang=\"EN\">Se non si desidera partecipare alla pubblicit\u00e0 basata sull&#8217;uso attraverso X, \u00e8 possibile modificare le impostazioni degli annunci seguendo le seguenti istruzioni: <a href=\"https:\/\/help.twitter.com\/en\/safety-and-security\/privacy-controls-for-tailored-ads\"> https:\/\/help.twitter.com\/en\/safety-and-security\/privacy-controls-for-tailored-ads <\/a><\/span><\/p><p><span lang=\"EN\">\u00a0<\/span><i style=\"font-size: 16px; text-align: var(--text-align);\"><span lang=\"EN\">YouTube<\/span><\/i><\/p><p><span lang=\"EN\">Se non si desidera partecipare alla pubblicit\u00e0 basata sull&#8217;uso attraverso YouTube, \u00e8 possibile modificare le impostazioni degli annunci seguendo queste istruzioni: <a href=\"https:\/\/www.youtube.com\/howyoutubeworks\/user-settings\/ad-settings\/\"> https:\/\/www.youtube.com\/howyoutubeworks\/user-settings\/ad-settings\/ <\/a><\/span><\/p><p><span lang=\"EN\">\u00a0<\/span><i style=\"font-size: 16px; text-align: var(--text-align);\"><span lang=\"EN\">Generale<\/span><\/i><\/p><p><span lang=\"EN\">Se non desiderate partecipare alla nostra personalizzazione pubblicitaria o al retargeting\/tracking, potete opporvi alla pubblicit\u00e0 comportamentale sui seguenti siti web: <a href=\"https:\/\/www.youronlinechoices.com\/\"> Le vostre scelte online <\/a>, <a href=\"https:\/\/youradchoices.ca\/\"> Alleanza per la pubblicit\u00e0 digitale del Canada <\/a>, <a href=\"https:\/\/optout.networkadvertising.org\/?c=1\"> Iniziativa per la pubblicit\u00e0 in rete <\/a>, <a href=\"https:\/\/youradchoices.com\/\"> AdChoices <\/a> e la\u00a0<a href=\"https:\/\/www.youronlinechoices.eu\/\"> Alleanza europea per la pubblicit\u00e0 digitale interattiva (solo in Europa) <\/a>.\u00a0<\/span><\/p><p><b style=\"font-size: 16px; text-align: var(--text-align);\"><span lang=\"EN\">Questa politica cambia?<\/span><\/b><\/p><p><span lang=\"EN\">Possiamo aggiornare la nostra Politica sui cookie di tanto in tanto. Ci\u00f2 potrebbe avvenire per diversi motivi, ad esempio per riflettere una modifica della legge o per adeguarsi a un cambiamento nelle nostre pratiche commerciali e nel modo in cui utilizziamo i cookie. Si consiglia di controllare periodicamente le modifiche apportate alla nostra Politica sui cookie. La presente Informativa sui cookie \u00e8 stata aggiornata l&#8217;ultima volta venerd\u00ec 05 gennaio 2024. Si prega di notare che il testo di riferimento di questa policy \u00e8 il testo inglese.<\/span><\/p><p><b><span lang=\"EN\">Chi devo contattare per avere maggiori informazioni?<\/span><\/b><\/p><p><span lang=\"EN\">Se ritenete che quanto sopra non sia sufficiente o se avete domande in merito alla raccolta, all&#8217;elaborazione o all&#8217;utilizzo dei vostri dati, saremo lieti di ascoltarvi. Faremo il possibile per rispondervi al pi\u00f9 presto e prenderemo in considerazione qualsiasi suggerimento da parte vostra.<\/span><\/p><p><span lang=\"EN\">\u00a0<\/span><\/p><p><span lang=\"EN\">\u00a0<\/span><\/p><p><span lang=\"EN\">\u00a0<\/span><\/p><p><span lang=\"EN\">\u00a0<\/span><\/p><p><span lang=\"EN\">\u00a0<\/span><\/p><h2 class=\"elementor-heading-title elementor-size-default elementor-inline-editing pen\" contenteditable=\"true\" data-elementor-setting-key=\"title\" data-pen-placeholder=\"Digita qui...\">\u00a0<\/h2>\t\t\t\t\t\t\t\t<\/div>\n\t\t\t\t<\/div>\n\t\t\t\t\t<\/div>\n\t\t\t\t<\/div>\n\t\t\t\t<\/div>\n\t\t","protected":false},"excerpt":{"rendered":"<p>Informativa sui cookie \u00a0 \u00a0 Siamo lieti che stiate visitando il nostro sito web www.cheaptravelall.com. La protezione e la sicurezza dei dati durante l&#8217;utilizzo del nostro sito web sono molto importanti per noi. Nella presente Informativa sui cookie ci atteniamo agli obblighi previsti dalla Legge sulla concorrenza sleale (nella versione modificata) (&#8220;UCA&#8221;), dalla Legge sulle [&hellip;]<\/p>\n","protected":false},"author":1,"featured_media":0,"parent":0,"menu_order":0,"comment_status":"closed","ping_status":"closed","template":"","meta":{"om_disable_all_campaigns":false,"_uf_show_specific_survey":0,"_uf_disable_surveys":false,"ocean_post_layout":"","ocean_both_sidebars_style":"","ocean_both_sidebars_content_width":0,"ocean_both_sidebars_sidebars_width":0,"ocean_sidebar":"","ocean_second_sidebar":"","ocean_disable_margins":"enable","ocean_add_body_class":"","ocean_shortcode_before_top_bar":"","ocean_shortcode_after_top_bar":"","ocean_shortcode_before_header":"","ocean_shortcode_after_header":"","ocean_has_shortcode":"","ocean_shortcode_after_title":"","ocean_shortcode_before_footer_widgets":"","ocean_shortcode_after_footer_widgets":"","ocean_shortcode_before_footer_bottom":"","ocean_shortcode_after_footer_bottom":"","ocean_display_top_bar":"default","ocean_display_header":"default","ocean_header_style":"","ocean_center_header_left_menu":"","ocean_custom_header_template":"","ocean_custom_logo":0,"ocean_custom_retina_logo":0,"ocean_custom_logo_max_width":0,"ocean_custom_logo_tablet_max_width":0,"ocean_custom_logo_mobile_max_width":0,"ocean_custom_logo_max_height":0,"ocean_custom_logo_tablet_max_height":0,"ocean_custom_logo_mobile_max_height":0,"ocean_header_custom_menu":"","ocean_menu_typo_font_family":"","ocean_menu_typo_font_subset":"","ocean_menu_typo_font_size":0,"ocean_menu_typo_font_size_tablet":0,"ocean_menu_typo_font_size_mobile":0,"ocean_menu_typo_font_size_unit":"px","ocean_menu_typo_font_weight":"","ocean_menu_typo_font_weight_tablet":"","ocean_menu_typo_font_weight_mobile":"","ocean_menu_typo_transform":"","ocean_menu_typo_transform_tablet":"","ocean_menu_typo_transform_mobile":"","ocean_menu_typo_line_height":0,"ocean_menu_typo_line_height_tablet":0,"ocean_menu_typo_line_height_mobile":0,"ocean_menu_typo_line_height_unit":"","ocean_menu_typo_spacing":0,"ocean_menu_typo_spacing_tablet":0,"ocean_menu_typo_spacing_mobile":0,"ocean_menu_typo_spacing_unit":"","ocean_menu_link_color":"","ocean_menu_link_color_hover":"","ocean_menu_link_color_active":"","ocean_menu_link_background":"","ocean_menu_link_hover_background":"","ocean_menu_link_active_background":"","ocean_menu_social_links_bg":"","ocean_menu_social_hover_links_bg":"","ocean_menu_social_links_color":"","ocean_menu_social_hover_links_color":"","ocean_disable_title":"default","ocean_disable_heading":"default","ocean_post_title":"","ocean_post_subheading":"","ocean_post_title_style":"","ocean_post_title_background_color":"","ocean_post_title_background":0,"ocean_post_title_bg_image_position":"","ocean_post_title_bg_image_attachment":"","ocean_post_title_bg_image_repeat":"","ocean_post_title_bg_image_size":"","ocean_post_title_height":0,"ocean_post_title_bg_overlay":0.5,"ocean_post_title_bg_overlay_color":"","ocean_disable_breadcrumbs":"default","ocean_breadcrumbs_color":"","ocean_breadcrumbs_separator_color":"","ocean_breadcrumbs_links_color":"","ocean_breadcrumbs_links_hover_color":"","ocean_display_footer_widgets":"default","ocean_display_footer_bottom":"default","ocean_custom_footer_template":"","footnotes":""},"class_list":["post-3890","page","type-page","status-publish","hentry","entry","owp-thumbs-layout-horizontal","owp-btn-normal","owp-tabs-layout-horizontal","has-no-thumbnails","has-product-nav"],"aioseo_notices":[],"rttpg_featured_image_url":null,"rttpg_author":{"display_name":"CheapTravelAll Team","author_link":"https:\/\/cheaptravelall.com\/it\/author\/admin\/"},"rttpg_comment":0,"rttpg_category":false,"rttpg_excerpt":"Informativa sui cookie \u00a0 \u00a0 Siamo lieti che stiate visitando il nostro sito web www.cheaptravelall.com. La protezione e la sicurezza dei dati durante l&#8217;utilizzo del nostro sito web sono molto importanti per noi. Nella presente Informativa sui cookie ci atteniamo agli obblighi previsti dalla Legge sulla concorrenza sleale (nella versione modificata) (&#8220;UCA&#8221;), dalla Legge sulle&hellip;","_links":{"self":[{"href":"https:\/\/cheaptravelall.com\/it\/wp-json\/wp\/v2\/pages\/3890","targetHints":{"allow":["GET"]}}],"collection":[{"href":"https:\/\/cheaptravelall.com\/it\/wp-json\/wp\/v2\/pages"}],"about":[{"href":"https:\/\/cheaptravelall.com\/it\/wp-json\/wp\/v2\/types\/page"}],"author":[{"embeddable":true,"href":"https:\/\/cheaptravelall.com\/it\/wp-json\/wp\/v2\/users\/1"}],"replies":[{"embeddable":true,"href":"https:\/\/cheaptravelall.com\/it\/wp-json\/wp\/v2\/comments?post=3890"}],"version-history":[{"count":0,"href":"https:\/\/cheaptravelall.com\/it\/wp-json\/wp\/v2\/pages\/3890\/revisions"}],"wp:attachment":[{"href":"https:\/\/cheaptravelall.com\/it\/wp-json\/wp\/v2\/media?parent=3890"}],"curies":[{"name":"wp","href":"https:\/\/api.w.org\/{rel}","templated":true}]}}