{"id":4002,"date":"2023-04-22T13:46:02","date_gmt":"2023-04-22T13:46:02","guid":{"rendered":"https:\/\/cheaptravelall.com\/disclaimer-dichiarazione-di-non-responsabilita\/"},"modified":"2024-01-22T19:07:34","modified_gmt":"2024-01-22T19:07:34","slug":"disclaimer-dichiarazione-di-non-responsabilita","status":"publish","type":"page","link":"https:\/\/cheaptravelall.com\/it\/disclaimer-dichiarazione-di-non-responsabilita\/","title":{"rendered":"Disclaimer (Dichiarazione di non responsabilit\u00e0)"},"content":{"rendered":"\t\t<div data-elementor-type=\"wp-page\" data-elementor-id=\"4002\" class=\"elementor elementor-4002 elementor-1688\">\n\t\t\t\t<div class=\"elementor-element elementor-element-23b5335 e-flex e-con-boxed wpr-particle-no wpr-jarallax-no wpr-parallax-no wpr-sticky-section-no e-con e-parent\" data-id=\"23b5335\" data-element_type=\"container\" data-e-type=\"container\" data-settings=\"{&quot;_ha_eqh_enable&quot;:false}\">\n\t\t\t\t\t<div class=\"e-con-inner\">\n\t\t\t\t<div class=\"elementor-element elementor-element-84aab7a elementor-widget elementor-widget-text-editor\" data-id=\"84aab7a\" data-element_type=\"widget\" data-e-type=\"widget\" data-widget_type=\"text-editor.default\">\n\t\t\t\t<div class=\"elementor-widget-container\">\n\t\t\t\t\t\t\t\t\t<p style=\"font-variant-ligatures: normal; font-variant-caps: normal; font-family: Arial, sans-serif; font-size: 12px; font-style: normal; font-weight: 400; text-align: justify;\"><span style=\"font-size: 16px; font-weight: 600;\">Ultimo aggiornamento 05 gennaio 2024<\/span><\/p>\n<p style=\"font-variant-ligatures: normal; font-variant-caps: normal; font-family: 'Open Sans', sans-serif; font-size: 16px; font-style: normal; font-weight: 400; text-align: justify;\"><span style=\"font-size: 16px; font-weight: 600;\">BLOG<\/span><\/p>\n<p style=\"font-variant-ligatures: normal; font-variant-caps: normal; font-family: 'Open Sans', sans-serif; font-size: 16px; font-style: normal; font-weight: 400; text-align: justify;\">Il blog Cheap Travel All e i suoi contenuti sono stati redatti con la massima cura possibile.  <\/p>\n<p style=\"font-variant-ligatures: normal; font-variant-caps: normal; font-family: 'Open Sans', sans-serif; font-size: 16px; font-style: normal; font-weight: 400; text-align: justify;\">Cheap Travel All non si assume alcuna responsabilit\u00e0 o garanzia per l&#8217;attualit\u00e0, la correttezza e la completezza delle informazioni fornite sul nostro blog.  <\/p>\n<p style=\"font-variant-ligatures: normal; font-variant-caps: normal; font-family: 'Open Sans', sans-serif; font-size: 16px; font-style: normal; font-weight: 400; text-align: justify;\">Cheap Travel All si riserva il diritto di modificare, integrare o cancellare parti delle pagine o l&#8217;intero blog senza preavviso o di interrompere temporaneamente o definitivamente la pubblicazione. Tutti i dati sono pubblicati con coscienza ma senza garanzia. Gli errori nei contenuti saranno corretti immediatamente dopo essere stati portati alla nostra attenzione.  <\/p>\n<p style=\"font-variant-ligatures: normal; font-variant-caps: normal; font-family: 'Open Sans', sans-serif; font-size: 16px; font-style: normal; font-weight: 400; text-align: justify;\">Tutti i diritti, compresi quelli di ristampa di estratti, riproduzione fotomeccanica e traduzione, sono riservati e richiedono il consenso scritto di Cheap Travel All. L&#8217;uso non autorizzato, anche di estratti, sar\u00e0 perseguito penalmente. Le richieste di responsabilit\u00e0 nei confronti di Cheap Travel All, che si riferiscono a danni materiali o immateriali, che sono stati causati dall&#8217;uso o dal mancato uso delle informazioni fornite o dall&#8217;uso di informazioni errate e incomplete, sono fondamentalmente escluse, a condizione che non sia dimostrabile una colpa intenzionale o gravemente negligente da parte di Cheap Travel All.<\/p>\n<p style=\"font-variant-ligatures: normal; font-variant-caps: normal; font-family: 'Open Sans', sans-serif; font-size: 16px; font-style: normal; font-weight: 400; text-align: justify;\"><span style=\"font-size: 16px; font-weight: 600;\">INFORMATIVA SUGLI AFFILIATI<\/span><\/p>\n<p style=\"font-variant-ligatures: normal; font-variant-caps: normal; font-family: 'Open Sans', sans-serif; font-size: 16px; font-style: normal; font-weight: 400; text-align: justify;\">Cheap Travel All partecipa a Programmi di affiliazione, un programma pubblicitario di affiliazione che ha lo scopo di fornire ai siti un mezzo per guadagnare commissioni pubblicitarie tramite pubblicit\u00e0 e link. Le informazioni fornite all&#8217;interno di questo sito web sono accurate e veritiere al meglio delle nostre conoscenze; tuttavia, \u00e8 possibile che vi siano omissioni, errori o sbagli. L&#8217;affidamento sulle informazioni fornite \u00e8 a proprio rischio e pericolo. Ci riserviamo il diritto di modificare le modalit\u00e0 di gestione o di funzionamento di questo sito web in qualsiasi momento. Ci riserviamo il diritto di modificare il contenuto del sito web o il focus in qualsiasi momento.<\/p>\n<p style=\"font-variant-ligatures: normal; font-variant-caps: normal; font-family: 'Open Sans', sans-serif; font-size: 16px; font-style: normal; font-weight: 400; text-align: justify;\">Il nostro sito web pu\u00f2 contenere link di marketing affiliato, il che significa che potremmo ricevere una commissione sulle vendite dei prodotti o servizi di cui scriviamo. Non vi verr\u00e0 mai addebitata alcuna commissione attraverso uno dei nostri link di affiliazione. Potrete ottenere una tariffa scontata per i servizi di affiliazione in questione e noi guadagneremo una piccola commissione. I nostri contenuti editoriali non sono influenzati da inserzionisti o partnership di affiliazione.<\/p>\n<p style=\"font-variant-ligatures: normal; font-variant-caps: normal; font-family: 'Open Sans', sans-serif; font-size: 16px; font-style: normal; font-weight: 400; text-align: justify;\"><span style=\"font-size: 16px; font-weight: 600;\">SITO WEB<\/span><\/p>\n<p style=\"font-variant-ligatures: normal; font-variant-caps: normal; font-family: 'Open Sans', sans-serif; font-size: 16px; font-style: normal; font-weight: 400; text-align: justify;\">I contenuti di questo sito web sono stati creati con la massima cura possibile.  <\/p>\n<p style=\"font-variant-ligatures: normal; font-variant-caps: normal; font-family: 'Open Sans', sans-serif; font-size: 16px; font-style: normal; font-weight: 400; text-align: justify;\">Cheap Travel All non si assume alcuna responsabilit\u00e0 per l&#8217;attualit\u00e0, la correttezza, la completezza o la qualit\u00e0 delle informazioni fornite.  <\/p>\n<p style=\"font-variant-ligatures: normal; font-variant-caps: normal; font-family: 'Open Sans', sans-serif; font-size: 16px; font-style: normal; font-weight: 400; text-align: justify;\">Le richieste di responsabilit\u00e0 nei confronti di Cheap Travel All, che si riferiscono a danni materiali o immateriali, che sono stati causati dall&#8217;uso o dal mancato uso delle informazioni fornite o dall&#8217;uso di informazioni errate e incomplete, sono fondamentalmente escluse, a condizione che non sia dimostrabile una colpa intenzionale o gravemente negligente da parte di Cheap Travel All.  <\/p>\n<p style=\"font-variant-ligatures: normal; font-variant-caps: normal; font-family: 'Open Sans', sans-serif; font-size: 16px; font-style: normal; font-weight: 400; text-align: justify;\">Cheap Travel All si riserva espressamente il diritto di modificare, integrare o cancellare parti delle pagine o l&#8217;intera offerta senza preavviso o di interrompere temporaneamente o definitivamente la pubblicazione.<\/p>\n<p style=\"font-variant-ligatures: normal; font-variant-caps: normal; font-family: 'Open Sans', sans-serif; font-size: 16px; font-style: normal; font-weight: 400; text-align: justify;\"><span style=\"font-size: 16px; font-weight: 600;\">RIFERIMENTI E LINK<\/span><\/p>\n<p style=\"font-variant-ligatures: normal; font-variant-caps: normal; font-family: 'Open Sans', sans-serif; font-size: 16px; font-style: normal; font-weight: 400; text-align: justify;\">Nel caso di riferimenti diretti o indiretti a pagine Internet esterne (&#8220;link&#8221;), che si trovano al di fuori dell&#8217;area di responsabilit\u00e0 di Cheap Travel All, l&#8217;obbligo di responsabilit\u00e0 entrerebbe in vigore solo nel caso in cui Cheap Travel All fosse a conoscenza dei contenuti e fosse tecnicamente possibile e ragionevole per lui impedire l&#8217;utilizzo in caso di contenuti illegali.  <\/p>\n<p style=\"font-variant-ligatures: normal; font-variant-caps: normal; font-family: 'Open Sans', sans-serif; font-size: 16px; font-style: normal; font-weight: 400; text-align: justify;\">Cheap Travel All dichiara espressamente che, al momento della creazione dei link, non erano presenti contenuti illegali nelle pagine collegate.  <\/p>\n<p style=\"font-variant-ligatures: normal; font-variant-caps: normal; font-family: 'Open Sans', sans-serif; font-size: 16px; font-style: normal; font-weight: 400; text-align: justify;\">Cheap Travel All non ha alcuna influenza sul design attuale e futuro, sui contenuti o sulla paternit\u00e0 delle pagine collegate. Pertanto, egli prende espressamente le distanze da tutti i contenuti di tutte le pagine collegate che sono state modificate dopo la creazione del link.  <\/p>\n<p style=\"font-variant-ligatures: normal; font-variant-caps: normal; font-family: 'Open Sans', sans-serif; font-size: 16px; font-style: normal; font-weight: 400; text-align: justify;\">Questa dichiarazione si applica a tutti i link e i riferimenti presenti nel blog e nel sito web di Cheap Travel All. Per i contenuti illegali, errati o incompleti e, in particolare, per i danni derivanti dall&#8217;uso o dal mancato uso di tali informazioni, \u00e8 responsabile esclusivamente il fornitore della pagina a cui si fa riferimento e non chi si limita a rimandare alla rispettiva pubblicazione tramite link.<\/p>\n<p style=\"font-variant-ligatures: normal; font-variant-caps: normal; font-family: 'Open Sans', sans-serif; font-size: 16px; font-style: normal; font-weight: 400; text-align: justify;\"><span style=\"font-size: 16px; font-weight: 600;\">VALIDIT\u00c0 DELLA PRESENTE CLAUSOLA DI ESCLUSIONE DELLA RESPONSABILIT\u00c0<\/span><\/p>\n<p style=\"font-variant-ligatures: normal; font-variant-caps: normal; font-family: 'Open Sans', sans-serif; font-size: 16px; font-style: normal; font-weight: 400; text-align: justify;\">La presente clausola di esclusione della responsabilit\u00e0 \u00e8 da considerarsi parte integrante della pubblicazione internet da cui siete stati indirizzati. Se sezioni o singoli termini di questa dichiarazione non sono legali o corretti, il contenuto o la validit\u00e0 delle altre parti non sono influenzati da questo fatto. Si prega di notare che il testo di riferimento di questo disclaimer \u00e8 il testo inglese.<\/p>\t\t\t\t\t\t\t\t<\/div>\n\t\t\t\t<\/div>\n\t\t\t\t\t<\/div>\n\t\t\t\t<\/div>\n\t\t\t\t<\/div>\n\t\t","protected":false},"excerpt":{"rendered":"<p>Ultimo aggiornamento 05 gennaio 2024 BLOG Il blog Cheap Travel All e i suoi contenuti sono stati redatti con la massima cura possibile. Cheap Travel All non si assume alcuna responsabilit\u00e0 o garanzia per l&#8217;attualit\u00e0, la correttezza e la completezza delle informazioni fornite sul nostro blog. Cheap Travel All si riserva il diritto di modificare, [&hellip;]<\/p>\n","protected":false},"author":1,"featured_media":0,"parent":0,"menu_order":0,"comment_status":"closed","ping_status":"closed","template":"","meta":{"om_disable_all_campaigns":false,"_uf_show_specific_survey":0,"_uf_disable_surveys":false,"ocean_post_layout":"","ocean_both_sidebars_style":"","ocean_both_sidebars_content_width":0,"ocean_both_sidebars_sidebars_width":0,"ocean_sidebar":"0","ocean_second_sidebar":"0","ocean_disable_margins":"enable","ocean_add_body_class":"","ocean_shortcode_before_top_bar":"","ocean_shortcode_after_top_bar":"","ocean_shortcode_before_header":"","ocean_shortcode_after_header":"","ocean_has_shortcode":"","ocean_shortcode_after_title":"","ocean_shortcode_before_footer_widgets":"","ocean_shortcode_after_footer_widgets":"","ocean_shortcode_before_footer_bottom":"","ocean_shortcode_after_footer_bottom":"","ocean_display_top_bar":"default","ocean_display_header":"default","ocean_header_style":"","ocean_center_header_left_menu":"0","ocean_custom_header_template":"0","ocean_custom_logo":0,"ocean_custom_retina_logo":0,"ocean_custom_logo_max_width":0,"ocean_custom_logo_tablet_max_width":0,"ocean_custom_logo_mobile_max_width":0,"ocean_custom_logo_max_height":0,"ocean_custom_logo_tablet_max_height":0,"ocean_custom_logo_mobile_max_height":0,"ocean_header_custom_menu":"0","ocean_menu_typo_font_family":"0","ocean_menu_typo_font_subset":"","ocean_menu_typo_font_size":0,"ocean_menu_typo_font_size_tablet":0,"ocean_menu_typo_font_size_mobile":0,"ocean_menu_typo_font_size_unit":"px","ocean_menu_typo_font_weight":"","ocean_menu_typo_font_weight_tablet":"","ocean_menu_typo_font_weight_mobile":"","ocean_menu_typo_transform":"","ocean_menu_typo_transform_tablet":"","ocean_menu_typo_transform_mobile":"","ocean_menu_typo_line_height":0,"ocean_menu_typo_line_height_tablet":0,"ocean_menu_typo_line_height_mobile":0,"ocean_menu_typo_line_height_unit":"","ocean_menu_typo_spacing":0,"ocean_menu_typo_spacing_tablet":0,"ocean_menu_typo_spacing_mobile":0,"ocean_menu_typo_spacing_unit":"","ocean_menu_link_color":"","ocean_menu_link_color_hover":"","ocean_menu_link_color_active":"","ocean_menu_link_background":"","ocean_menu_link_hover_background":"","ocean_menu_link_active_background":"","ocean_menu_social_links_bg":"","ocean_menu_social_hover_links_bg":"","ocean_menu_social_links_color":"","ocean_menu_social_hover_links_color":"","ocean_disable_title":"default","ocean_disable_heading":"default","ocean_post_title":"","ocean_post_subheading":"","ocean_post_title_style":"","ocean_post_title_background_color":"","ocean_post_title_background":0,"ocean_post_title_bg_image_position":"","ocean_post_title_bg_image_attachment":"","ocean_post_title_bg_image_repeat":"","ocean_post_title_bg_image_size":"","ocean_post_title_height":0,"ocean_post_title_bg_overlay":0.5,"ocean_post_title_bg_overlay_color":"","ocean_disable_breadcrumbs":"default","ocean_breadcrumbs_color":"","ocean_breadcrumbs_separator_color":"","ocean_breadcrumbs_links_color":"","ocean_breadcrumbs_links_hover_color":"","ocean_display_footer_widgets":"default","ocean_display_footer_bottom":"default","ocean_custom_footer_template":"0","footnotes":""},"class_list":["post-4002","page","type-page","status-publish","hentry","entry","owp-thumbs-layout-horizontal","owp-btn-normal","owp-tabs-layout-horizontal","has-no-thumbnails","has-product-nav"],"aioseo_notices":[],"rttpg_featured_image_url":null,"rttpg_author":{"display_name":"CheapTravelAll Team","author_link":"https:\/\/cheaptravelall.com\/it\/author\/admin\/"},"rttpg_comment":0,"rttpg_category":false,"rttpg_excerpt":"Ultimo aggiornamento 05 gennaio 2024 BLOG Il blog Cheap Travel All e i suoi contenuti sono stati redatti con la massima cura possibile. Cheap Travel All non si assume alcuna responsabilit\u00e0 o garanzia per l&#8217;attualit\u00e0, la correttezza e la completezza delle informazioni fornite sul nostro blog. Cheap Travel All si riserva il diritto di modificare,&hellip;","_links":{"self":[{"href":"https:\/\/cheaptravelall.com\/it\/wp-json\/wp\/v2\/pages\/4002","targetHints":{"allow":["GET"]}}],"collection":[{"href":"https:\/\/cheaptravelall.com\/it\/wp-json\/wp\/v2\/pages"}],"about":[{"href":"https:\/\/cheaptravelall.com\/it\/wp-json\/wp\/v2\/types\/page"}],"author":[{"embeddable":true,"href":"https:\/\/cheaptravelall.com\/it\/wp-json\/wp\/v2\/users\/1"}],"replies":[{"embeddable":true,"href":"https:\/\/cheaptravelall.com\/it\/wp-json\/wp\/v2\/comments?post=4002"}],"version-history":[{"count":0,"href":"https:\/\/cheaptravelall.com\/it\/wp-json\/wp\/v2\/pages\/4002\/revisions"}],"wp:attachment":[{"href":"https:\/\/cheaptravelall.com\/it\/wp-json\/wp\/v2\/media?parent=4002"}],"curies":[{"name":"wp","href":"https:\/\/api.w.org\/{rel}","templated":true}]}}